{"id":550,"date":"2026-03-27T21:24:04","date_gmt":"2026-03-27T20:24:04","guid":{"rendered":"http:\/\/www.test4.webarton.cz\/subdom\/test4\/?page_id=550"},"modified":"2026-04-19T02:12:51","modified_gmt":"2026-04-19T00:12:51","slug":"drizal","status":"publish","type":"page","link":"http:\/\/www.test4.webarton.cz\/subdom\/test4\/","title":{"rendered":"d\u0159\u00edzal"},"content":{"rendered":"<p>[et_pb_section fb_built=&#8220;1&#8243; disabled_on=&#8220;on|off|off&#8220; admin_label=&#8220;HEAD BANNER &#8211; PC a tablet&#8220; _builder_version=&#8220;4.27.6&#8243; _module_preset=&#8220;default&#8220; background_image=&#8220;http:\/\/www.test4.webarton.cz\/subdom\/test4\/wp-content\/uploads\/2026\/04\/head-banner6.jpg&#8220; min_height=&#8220;840.4px&#8220; custom_padding=&#8220;62px|||||&#8220; bottom_divider_style=&#8220;ramp&#8220; bottom_divider_color=&#8220;#ffffff&#8220; bottom_divider_height=&#8220;186px&#8220; bottom_divider_height_tablet=&#8220;186px&#8220; bottom_divider_height_phone=&#8220;186px&#8220; bottom_divider_height_last_edited=&#8220;on|tablet&#8220; global_colors_info=&#8220;{}&#8220;][et_pb_row _builder_version=&#8220;4.27.5&#8243; _module_preset=&#8220;default&#8220; global_colors_info=&#8220;{}&#8220;][et_pb_column type=&#8220;4_4&#8243; _builder_version=&#8220;4.27.5&#8243; _module_preset=&#8220;default&#8220; global_colors_info=&#8220;{}&#8220;][et_pb_text _builder_version=&#8220;4.27.6&#8243; _module_preset=&#8220;default&#8220; global_colors_info=&#8220;{}&#8220;][\/et_pb_text][\/et_pb_column][\/et_pb_row][\/et_pb_section][et_pb_section fb_built=&#8220;1&#8243; next_background_color=&#8220;#FFFFFF&#8220; disabled_on=&#8220;off|on|on&#8220; admin_label=&#8220;HEAD BANNER &#8211; mobil&#8220; _builder_version=&#8220;4.27.6&#8243; _module_preset=&#8220;default&#8220; background_color=&#8220;#FFFFFF&#8220; background_image=&#8220;http:\/\/www.test4.webarton.cz\/subdom\/test4\/wp-content\/uploads\/2026\/04\/banner-mb.jpg&#8220; background_size=&#8220;contain&#8220; min_height=&#8220;586.4px&#8220; custom_margin=&#8220;-35px||-15px|||&#8220; custom_padding=&#8220;51px||48px|||&#8220; bottom_divider_style=&#8220;ramp&#8220; bottom_divider_height=&#8220;186px&#8220; bottom_divider_height_tablet=&#8220;186px&#8220; bottom_divider_height_phone=&#8220;90px&#8220; bottom_divider_height_last_edited=&#8220;on|phone&#8220; global_colors_info=&#8220;{}&#8220;][et_pb_row _builder_version=&#8220;4.27.5&#8243; _module_preset=&#8220;default&#8220; global_colors_info=&#8220;{}&#8220;][et_pb_column type=&#8220;4_4&#8243; _builder_version=&#8220;4.27.5&#8243; _module_preset=&#8220;default&#8220; global_colors_info=&#8220;{}&#8220;][et_pb_text _builder_version=&#8220;4.27.5&#8243; _module_preset=&#8220;default&#8220; global_colors_info=&#8220;{}&#8220;][\/et_pb_text][\/et_pb_column][\/et_pb_row][\/et_pb_section][et_pb_section fb_built=&#8220;1&#8243; _builder_version=&#8220;4.27.6&#8243; _module_preset=&#8220;default&#8220; background_color=&#8220;#FFFFFF&#8220; custom_margin=&#8220;||-2px||false|false&#8220; bottom_divider_style=&#8220;ramp&#8220; bottom_divider_color=&#8220;#000000&#8243; bottom_divider_flip=&#8220;horizontal&#8220; bottom_divider_height_tablet=&#8220;&#8220; bottom_divider_height_phone=&#8220;40px&#8220; bottom_divider_height_last_edited=&#8220;on|phone&#8220; global_colors_info=&#8220;{}&#8220;][et_pb_row _builder_version=&#8220;4.27.5&#8243; _module_preset=&#8220;default&#8220; global_colors_info=&#8220;{}&#8220;][et_pb_column type=&#8220;4_4&#8243; _builder_version=&#8220;4.27.5&#8243; _module_preset=&#8220;default&#8220; global_colors_info=&#8220;{}&#8220;][et_pb_text admin_label=&#8220;Text &#8211; \u00fadovn\u00ed odstavec&#8220; _builder_version=&#8220;4.27.6&#8243; _module_preset=&#8220;default&#8220; text_font=&#8220;||||||||&#8220; text_text_color=&#8220;#000000&#8243; text_font_size=&#8220;14px&#8220; text_line_height=&#8220;1.4em&#8220; header_font=&#8220;|800|||||||&#8220; header_font_size=&#8220;35px&#8220; header_3_font=&#8220;|300|||||||&#8220; header_3_text_color=&#8220;#000000&#8243; header_3_font_size=&#8220;21px&#8220; header_3_line_height=&#8220;0.5em&#8220; header_font_size_tablet=&#8220;35px&#8220; header_font_size_phone=&#8220;35px&#8220; header_font_size_last_edited=&#8220;on|phone&#8220; global_colors_info=&#8220;{}&#8220;]<\/p>\n<h1>Jan Ryant-D\u0159\u00edzal<\/h1>\n<h3>Composer<\/h3>\n<p>&nbsp;<\/p>\n<p><span style=\"font-size: 12pt;\">Jan Ryant-D\u0159\u00edzal is one of the most prominent voices of the young Czech generation in the field of contemporary artistic creation. He is the first-ever laureate of the Czech Philharmonic Composition Competition, the holder of the award for the most successful young author, and many other awards. His work is regularly performed on Czech and international stages and commissioned by leading festivals and ensembles.<\/span><\/p>\n<p>&nbsp;<\/p>\n<p>[\/et_pb_text][\/et_pb_column][\/et_pb_row][et_pb_row column_structure=&#8220;1_3,2_3&#8243; disabled_on=&#8220;on|off|off&#8220; admin_label=&#8220;\u0158\u00e1dek (PC, tablet)&#8220; _builder_version=&#8220;4.27.5&#8243; _module_preset=&#8220;default&#8220; custom_css_main_element=&#8220;display: flex;||align-items: stretch;&#8220; global_colors_info=&#8220;{}&#8220;][et_pb_column type=&#8220;1_3&#8243; _builder_version=&#8220;4.27.5&#8243; _module_preset=&#8220;default&#8220; global_colors_info=&#8220;{}&#8220;][et_pb_image src=&#8220;http:\/\/www.test4.webarton.cz\/subdom\/test4\/wp-content\/uploads\/2026\/04\/drizal-15.jpg&#8220; title_text=&#8220;drizal-15&#8243; _builder_version=&#8220;4.27.6&#8243; _module_preset=&#8220;default&#8220; custom_css_main_element=&#8220;height: 100%;&#8220; border_radii=&#8220;on|30px|30px|30px|30px&#8220; global_colors_info=&#8220;{}&#8220;][\/et_pb_image][\/et_pb_column][et_pb_column type=&#8220;2_3&#8243; _builder_version=&#8220;4.27.5&#8243; _module_preset=&#8220;default&#8220; global_colors_info=&#8220;{}&#8220;][et_pb_testimonial quote_icon_color=&#8220;#000000&#8243; quote_icon_background_color=&#8220;#FFFFFF&#8220; _builder_version=&#8220;4.27.6&#8243; _module_preset=&#8220;default&#8220; background_color=&#8220;#eaeaea&#8220; animation_style=&#8220;zoom&#8220; custom_css_main_element=&#8220;height: 100%;||display: flex;||flex-direction: column;||justify-content: center;&#8220; global_colors_info=&#8220;{}&#8220;]<\/p>\n<p>Jan Ryant-D\u0159\u00edzal&#8217;s&nbsp;music combines contemporary compositional language with immediate communication. His compositions appear as thoughtful, living organisms with a&nbsp;solid form, internal tension, and emotional impact.<\/p>\n<p>A striking feature is the sound-color imagination, which is never an end in itself, but is the bearer of deeper musical meanings. D\u0159\u00edzal is a&nbsp;composer of a&nbsp;distinctive sound imagination, and listening to his compositions can be almost a&nbsp;visual experience.<\/p>\n<p>[\/et_pb_testimonial][\/et_pb_column][\/et_pb_row][et_pb_row column_structure=&#8220;1_3,2_3&#8243; disabled_on=&#8220;off|on|on&#8220; admin_label=&#8220;\u0158\u00e1dek (mobil)&#8220; _builder_version=&#8220;4.27.5&#8243; _module_preset=&#8220;default&#8220; global_colors_info=&#8220;{}&#8220;][et_pb_column type=&#8220;1_3&#8243; _builder_version=&#8220;4.27.5&#8243; _module_preset=&#8220;default&#8220; global_colors_info=&#8220;{}&#8220;][et_pb_image src=&#8220;http:\/\/www.test4.webarton.cz\/subdom\/test4\/wp-content\/uploads\/2026\/04\/drizal-15.jpg&#8220; title_text=&#8220;drizal-15&#8243; module_class=&#8220;reveal-circle&#8220; _builder_version=&#8220;4.27.6&#8243; _module_preset=&#8220;default&#8220; border_radii=&#8220;on|30px|30px|30px|30px&#8220; global_colors_info=&#8220;{}&#8220;][\/et_pb_image][et_pb_code _builder_version=&#8220;4.27.5&#8243; _module_preset=&#8220;default&#8220; global_colors_info=&#8220;{}&#8220;]<script><!-- [et_pb_line_break_holder] -->document.addEventListener(\"DOMContentLoaded\", function () {<!-- [et_pb_line_break_holder] -->  const elements = document.querySelectorAll(\".reveal-circle\");<!-- [et_pb_line_break_holder] --><!-- [et_pb_line_break_holder] -->  const observer = new IntersectionObserver(entries => {<!-- [et_pb_line_break_holder] -->    entries.forEach(entry => {<!-- [et_pb_line_break_holder] -->      if (entry.isIntersecting) {<!-- [et_pb_line_break_holder] -->        entry.target.classList.add(\"visible\");<!-- [et_pb_line_break_holder] -->      }<!-- [et_pb_line_break_holder] -->    });<!-- [et_pb_line_break_holder] -->  });<!-- [et_pb_line_break_holder] --><!-- [et_pb_line_break_holder] -->  elements.forEach(el => observer.observe(el));<!-- [et_pb_line_break_holder] -->});<!-- [et_pb_line_break_holder] --><\/script>[\/et_pb_code][\/et_pb_column][et_pb_column type=&#8220;2_3&#8243; _builder_version=&#8220;4.27.5&#8243; _module_preset=&#8220;default&#8220; global_colors_info=&#8220;{}&#8220;][et_pb_testimonial quote_icon_color=&#8220;#000000&#8243; quote_icon_background_color=&#8220;#FFFFFF&#8220; _builder_version=&#8220;4.27.6&#8243; _module_preset=&#8220;default&#8220; background_color=&#8220;#eaeaea&#8220; animation_style=&#8220;zoom&#8220; global_colors_info=&#8220;{}&#8220;]<\/p>\n<p>Jan Ryant-D\u0159\u00edzal&#8217;s&nbsp;music combines contemporary compositional language with immediate communication. His compositions appear as thoughtful, living organisms with a&nbsp;solid form, internal tension, and emotional impact.<\/p>\n<p>A striking feature is the sound-color imagination, which is never an end in itself, but is the bearer of deeper musical meanings. D\u0159\u00edzal is a&nbsp;composer of a&nbsp;distinctive sound imagination, and listening to his compositions can be almost a&nbsp;visual experience.<\/p>\n<p>[\/et_pb_testimonial][\/et_pb_column][\/et_pb_row][et_pb_row _builder_version=&#8220;4.27.5&#8243; _module_preset=&#8220;default&#8220; global_colors_info=&#8220;{}&#8220;][et_pb_column type=&#8220;4_4&#8243; _builder_version=&#8220;4.27.5&#8243; _module_preset=&#8220;default&#8220; global_colors_info=&#8220;{}&#8220;][et_pb_text admin_label=&#8220;Text &#8211; Events&#8220; _builder_version=&#8220;4.27.6&#8243; _module_preset=&#8220;default&#8220; text_font=&#8220;||||||||&#8220; text_text_color=&#8220;#000000&#8243; text_font_size=&#8220;14px&#8220; text_line_height=&#8220;1.4em&#8220; header_font=&#8220;|800|||||||&#8220; header_font_size=&#8220;35px&#8220; header_3_font=&#8220;|300|||||||&#8220; header_3_text_color=&#8220;#000000&#8243; header_3_font_size=&#8220;21px&#8220; header_3_line_height=&#8220;0.5em&#8220; header_font_size_tablet=&#8220;35px&#8220; header_font_size_phone=&#8220;35px&#8220; header_font_size_last_edited=&#8220;on|phone&#8220; global_colors_info=&#8220;{}&#8220;]<\/p>\n<h1>Events<\/h1>\n<p>[\/et_pb_text][\/et_pb_column][\/et_pb_row][et_pb_row column_structure=&#8220;1_3,1_3,1_3&#8243; module_class=&#8220;events-equal-height&#8220; _builder_version=&#8220;4.27.6&#8243; _module_preset=&#8220;default&#8220; custom_margin=&#8220;||5%||false|false&#8220; global_colors_info=&#8220;{}&#8220;][et_pb_column type=&#8220;1_3&#8243; _builder_version=&#8220;4.27.6&#8243; _module_preset=&#8220;default&#8220; global_colors_info=&#8220;{}&#8220;][et_pb_testimonial author=&#8220;Studio recording of Slunovrat&#8220; job_title=&#8220; with Prague Radio Symphony Orchestra&#8220; quote_icon_color=&#8220;#025b82&#8243; quote_icon_background_color=&#8220;#FFFFFF&#8220; font_icon=&#8220;&#xf5a8;||fa||400&#8243; admin_label=&#8220;Events nejnov\u011bj\u0161\u00ed&#8220; _builder_version=&#8220;4.27.6&#8243; _module_preset=&#8220;default&#8220; body_text_color=&#8220;#FFFFFF&#8220; body_font_size=&#8220;13px&#8220; author_font=&#8220;|800|||||||&#8220; author_text_color=&#8220;#fdffad&#8220; author_font_size=&#8220;20px&#8220; position_font=&#8220;|300|on||||||&#8220; position_text_color=&#8220;#FFFFFF&#8220; position_font_size=&#8220;14px&#8220; position_line_height=&#8220;1em&#8220; background_color=&#8220;#000000&#8243; hover_enabled=&#8220;0&#8243; global_colors_info=&#8220;{}&#8220; quote_icon=&#8220;off&#8220; sticky_enabled=&#8220;0&#8243;]<\/p>\n<p>1-2 \/ 6 \/ 2026<br \/>Robert Kru\u017e\u00edk<\/p>\n<p>[\/et_pb_testimonial][\/et_pb_column][et_pb_column type=&#8220;1_3&#8243; _builder_version=&#8220;4.27.6&#8243; _module_preset=&#8220;default&#8220; global_colors_info=&#8220;{}&#8220;][et_pb_testimonial author=&#8220;Morphing Amadeus&#8220; job_title=&#8220;at the International Society for Contemporary Music Bucharest&#8220; quote_icon_color=&#8220;#025b82&#8243; quote_icon_background_color=&#8220;#FFFFFF&#8220; font_icon=&#8220;&#xf5a8;||fa||400&#8243; admin_label=&#8220;Events star\u0161\u00ed&#8220; _builder_version=&#8220;4.27.6&#8243; _module_preset=&#8220;default&#8220; body_text_color=&#8220;#FFFFFF&#8220; body_font_size=&#8220;13px&#8220; author_font=&#8220;|800|||||||&#8220; author_text_color=&#8220;#fdffad&#8220; author_font_size=&#8220;20px&#8220; position_font=&#8220;|300|on||||||&#8220; position_text_color=&#8220;#FFFFFF&#8220; position_font_size=&#8220;14px&#8220; position_line_height=&#8220;1em&#8220; background_color=&#8220;#000000&#8243; hover_enabled=&#8220;0&#8243; global_colors_info=&#8220;{}&#8220; quote_icon=&#8220;off&#8220; sticky_enabled=&#8220;0&#8243;]<\/p>\n<p>30 \/ 5 \/ 2026<br \/>National University of Music, Enescu Hall<br \/>Profil Sinfonietta, Tiberiu Soare<\/p>\n<p>[\/et_pb_testimonial][\/et_pb_column][et_pb_column type=&#8220;1_3&#8243; _builder_version=&#8220;4.27.6&#8243; _module_preset=&#8220;default&#8220; global_colors_info=&#8220;{}&#8220;][et_pb_testimonial author=&#8220;World premiere of Splendor solis&#8220; job_title=&#8220;at the final concert of the Jan\u00e1\u010dek Philharmonic Orchestra Ostrava&#8220; quote_icon_color=&#8220;#025b82&#8243; quote_icon_background_color=&#8220;#FFFFFF&#8220; font_icon=&#8220;&#xf5a8;||fa||400&#8243; admin_label=&#8220;Events nejstar\u0161\u00ed&#8220; _builder_version=&#8220;4.27.6&#8243; _module_preset=&#8220;default&#8220; body_text_color=&#8220;#FFFFFF&#8220; body_font_size=&#8220;13px&#8220; author_font=&#8220;|800|||||||&#8220; author_text_color=&#8220;#fdffad&#8220; author_font_size=&#8220;20px&#8220; position_font=&#8220;|300|on||||||&#8220; position_text_color=&#8220;#FFFFFF&#8220; position_font_size=&#8220;14px&#8220; background_color=&#8220;#000000&#8243; hover_enabled=&#8220;0&#8243; global_colors_info=&#8220;{}&#8220; quote_icon=&#8220;off&#8220; sticky_enabled=&#8220;0&#8243;]<\/p>\n<p>28-29 \/ 5 \/ 2026<br \/>Kino Vesm\u00edr, Daniel Raiskin<\/p>\n<p>[\/et_pb_testimonial][\/et_pb_column][\/et_pb_row][\/et_pb_section][et_pb_section fb_built=&#8220;1&#8243; _builder_version=&#8220;4.27.6&#8243; _module_preset=&#8220;default&#8220; background_color=&#8220;#000000&#8243; top_divider_style=&#8220;ramp&#8220; top_divider_color=&#8220;#000000&#8243; top_divider_flip=&#8220;horizontal&#8220; global_colors_info=&#8220;{}&#8220;][et_pb_row _builder_version=&#8220;4.27.6&#8243; _module_preset=&#8220;default&#8220; global_colors_info=&#8220;{}&#8220;][et_pb_column type=&#8220;4_4&#8243; _builder_version=&#8220;4.27.6&#8243; _module_preset=&#8220;default&#8220; global_colors_info=&#8220;{}&#8220;][et_pb_text admin_label=&#8220;Videos&#8220; _builder_version=&#8220;4.27.6&#8243; _module_preset=&#8220;default&#8220; header_2_font=&#8220;|600|||||||&#8220; header_2_text_color=&#8220;#000000&#8243; header_3_font=&#8220;|800|||||||&#8220; header_3_text_color=&#8220;#FFFFFF&#8220; global_colors_info=&#8220;{}&#8220;]<\/p>\n<h3>Videos<\/h3>\n<p>[\/et_pb_text][\/et_pb_column][\/et_pb_row][et_pb_row column_structure=&#8220;1_3,1_3,1_3&#8243; _builder_version=&#8220;4.27.6&#8243; _module_preset=&#8220;default&#8220; background_color=&#8220;RGBA(255,255,255,0)&#8220; module_alignment=&#8220;center&#8220; custom_padding=&#8220;2%|2%|2%|2%|false|false&#8220; border_width_all=&#8220;0px&#8220; border_color_all=&#8220;RGBA(255,255,255,0)&#8220; global_colors_info=&#8220;{}&#8220;][et_pb_column type=&#8220;1_3&#8243; _builder_version=&#8220;4.27.6&#8243; _module_preset=&#8220;default&#8220; global_colors_info=&#8220;{}&#8220;][et_pb_video src=&#8220;https:\/\/www.youtube.com\/watch?v=j7AmA1FPqKI&#8220; _builder_version=&#8220;4.27.6&#8243; _module_preset=&#8220;default&#8220; width=&#8220;80%&#8220; module_alignment=&#8220;center&#8220; border_radii=&#8220;on|15px|15px|15px|15px&#8220; global_colors_info=&#8220;{}&#8220;][\/et_pb_video][\/et_pb_column][et_pb_column type=&#8220;1_3&#8243; _builder_version=&#8220;4.27.6&#8243; _module_preset=&#8220;default&#8220; global_colors_info=&#8220;{}&#8220;][et_pb_video src=&#8220;https:\/\/www.youtube.com\/watch?v=t64l1_mGE-Y&#8220; _builder_version=&#8220;4.27.6&#8243; _module_preset=&#8220;default&#8220; width=&#8220;80%&#8220; module_alignment=&#8220;center&#8220; border_radii=&#8220;on|15px|15px|15px|15px&#8220; global_colors_info=&#8220;{}&#8220;][\/et_pb_video][\/et_pb_column][et_pb_column type=&#8220;1_3&#8243; _builder_version=&#8220;4.27.6&#8243; _module_preset=&#8220;default&#8220; global_colors_info=&#8220;{}&#8220;][et_pb_video src=&#8220;https:\/\/www.youtube.com\/watch?v=wqTt2E3EpPE&#038;t=2s&#8220; font_icon=&#8220;&#xf5a8;||fa||400&#8243; _builder_version=&#8220;4.27.6&#8243; _module_preset=&#8220;default&#8220; width=&#8220;80%&#8220; module_alignment=&#8220;center&#8220; border_radii=&#8220;on|15px|15px|15px|15px&#8220; global_colors_info=&#8220;{}&#8220;][\/et_pb_video][\/et_pb_column][\/et_pb_row][\/et_pb_section][et_pb_section fb_built=&#8220;1&#8243; _builder_version=&#8220;4.27.6&#8243; _module_preset=&#8220;default&#8220; background_color=&#8220;#000000&#8243; top_divider_color=&#8220;#000000&#8243; top_divider_flip=&#8220;horizontal&#8220; top_divider_height_tablet=&#8220;&#8220; top_divider_height_phone=&#8220;40px&#8220; top_divider_height_last_edited=&#8220;on|desktop&#8220; global_colors_info=&#8220;{}&#8220;][et_pb_row _builder_version=&#8220;4.27.6&#8243; _module_preset=&#8220;default&#8220; custom_margin=&#8220;28px||||false|false&#8220; global_colors_info=&#8220;{}&#8220;][et_pb_column type=&#8220;4_4&#8243; _builder_version=&#8220;4.27.5&#8243; _module_preset=&#8220;default&#8220; global_colors_info=&#8220;{}&#8220;][et_pb_menu menu_style=&#8220;centered&#8220; active_link_color=&#8220;#FFFFFF&#8220; disabled_on=&#8220;on|off|off&#8220; _builder_version=&#8220;4.27.6&#8243; _module_preset=&#8220;default&#8220; menu_text_color=&#8220;#ffffff&#8220; background_color=&#8220;RGBA(255,255,255,0)&#8220; global_colors_info=&#8220;{}&#8220;][\/et_pb_menu][et_pb_image src=&#8220;http:\/\/www.test4.webarton.cz\/subdom\/test4\/wp-content\/uploads\/2026\/04\/logojrd-bile-V.png&#8220; title_text=&#8220;logojrd-bile-V&#8220; align=&#8220;center&#8220; _builder_version=&#8220;4.27.6&#8243; _module_preset=&#8220;default&#8220; width=&#8220;5%&#8220; width_tablet=&#8220;5%&#8220; width_phone=&#8220;40%&#8220; width_last_edited=&#8220;on|phone&#8220; max_width=&#8220;5%&#8220; max_width_tablet=&#8220;5%&#8220; max_width_phone=&#8220;40%&#8220; max_width_last_edited=&#8220;on|phone&#8220; global_colors_info=&#8220;{}&#8220;][\/et_pb_image][\/et_pb_column][\/et_pb_row][\/et_pb_section]<\/p>\n","protected":false},"excerpt":{"rendered":"<p>Web hudebn\u00edho skladatele. Jedn\u00e1 se o&nbsp;homepage. Bude zde kousek \u017eitopisu. N\u011bkolik YT vide\u00ed s&nbsp;hudebn\u00edmi klipy, Kontakty. <\/p>\n","protected":false},"author":1,"featured_media":552,"parent":0,"menu_order":0,"comment_status":"closed","ping_status":"closed","template":"","meta":{"_et_pb_use_builder":"on","_et_pb_old_content":"<!-- wp:divi\/placeholder --><!-- wp:divi\/section {\"module\":{\"meta\":{\"adminLabel\":{\"desktop\":{\"value\":\"section\"}}},\"decoration\":{\"layout\":{\"desktop\":{\"value\":{\"display\":\"block\"}}}}},\"builderVersion\":\"5.0.0-public-alpha.18.2\"} -->\r\n<!-- wp:divi\/row {\"module\":{\"meta\":{\"adminLabel\":{\"desktop\":{\"value\":\"row\"}}},\"decoration\":{\"layout\":{\"desktop\":{\"value\":{\"display\":\"block\"}}}}},\"builderVersion\":\"5.0.0-public-alpha.18.2\"} -->\r\n<!-- wp:divi\/column {\"module\":{\"advanced\":{\"type\":{\"desktop\":{\"value\":\"4_4\"}}},\"decoration\":{\"layout\":{\"desktop\":{\"value\":{\"display\":\"block\"}}}}},\"builderVersion\":\"5.0.0-public-alpha.18.2\"} \/-->\r\n<!-- \/wp:divi\/row -->\r\n<!-- \/wp:divi\/section --><!-- \/wp:divi\/placeholder -->","_et_gb_content_width":"","inline_featured_image":false,"footnotes":""},"class_list":["post-550","page","type-page","status-publish","has-post-thumbnail","hentry"],"_links":{"self":[{"href":"http:\/\/www.test4.webarton.cz\/subdom\/test4\/wp-json\/wp\/v2\/pages\/550","targetHints":{"allow":["GET"]}}],"collection":[{"href":"http:\/\/www.test4.webarton.cz\/subdom\/test4\/wp-json\/wp\/v2\/pages"}],"about":[{"href":"http:\/\/www.test4.webarton.cz\/subdom\/test4\/wp-json\/wp\/v2\/types\/page"}],"author":[{"embeddable":true,"href":"http:\/\/www.test4.webarton.cz\/subdom\/test4\/wp-json\/wp\/v2\/users\/1"}],"replies":[{"embeddable":true,"href":"http:\/\/www.test4.webarton.cz\/subdom\/test4\/wp-json\/wp\/v2\/comments?post=550"}],"version-history":[{"count":46,"href":"http:\/\/www.test4.webarton.cz\/subdom\/test4\/wp-json\/wp\/v2\/pages\/550\/revisions"}],"predecessor-version":[{"id":883,"href":"http:\/\/www.test4.webarton.cz\/subdom\/test4\/wp-json\/wp\/v2\/pages\/550\/revisions\/883"}],"wp:featuredmedia":[{"embeddable":true,"href":"http:\/\/www.test4.webarton.cz\/subdom\/test4\/wp-json\/wp\/v2\/media\/552"}],"wp:attachment":[{"href":"http:\/\/www.test4.webarton.cz\/subdom\/test4\/wp-json\/wp\/v2\/media?parent=550"}],"curies":[{"name":"wp","href":"https:\/\/api.w.org\/{rel}","templated":true}]}}