{"id":619,"date":"2026-03-27T23:28:17","date_gmt":"2026-03-27T22:28:17","guid":{"rendered":"http:\/\/www.test4.webarton.cz\/subdom\/test4\/?page_id=619"},"modified":"2026-04-16T12:40:39","modified_gmt":"2026-04-16T10:40:39","slug":"events","status":"publish","type":"page","link":"http:\/\/www.test4.webarton.cz\/subdom\/test4\/events\/","title":{"rendered":"events"},"content":{"rendered":"<p>[et_pb_section fb_built=&#8220;1&#8243; _builder_version=&#8220;4.27.6&#8243; _module_preset=&#8220;default&#8220; custom_padding=&#8220;||386px|||&#8220; hover_enabled=&#8220;0&#8243; global_colors_info=&#8220;{}&#8220; background_color=&#8220;#FFFFFF&#8220; sticky_enabled=&#8220;0&#8243;][et_pb_row _builder_version=&#8220;4.27.5&#8243; _module_preset=&#8220;default&#8220; global_colors_info=&#8220;{}&#8220;][et_pb_column type=&#8220;4_4&#8243; _builder_version=&#8220;4.27.5&#8243; _module_preset=&#8220;default&#8220; global_colors_info=&#8220;{}&#8220;][et_pb_text admin_label=&#8220;nadpis EVENTS 2026&#8243; _builder_version=&#8220;4.27.5&#8243; _module_preset=&#8220;default&#8220; text_font=&#8220;||||||||&#8220; text_text_color=&#8220;#000000&#8243; text_font_size=&#8220;14px&#8220; text_line_height=&#8220;1.1em&#8220; header_font=&#8220;|800|||||||&#8220; header_font_size=&#8220;35px&#8220; header_3_font=&#8220;|300|||||||&#8220; header_3_text_color=&#8220;#000000&#8243; header_3_font_size=&#8220;21px&#8220; header_3_line_height=&#8220;0.5em&#8220; global_colors_info=&#8220;{}&#8220;]<\/p>\n<h1>Events<\/h1>\n<h3>\u00a0<\/h3>\n<p>&nbsp;<\/p>\n<h3><span style=\"color: #004d6b;\">2026<\/span><\/h3>\n<p>[\/et_pb_text][et_pb_text disabled_on=&#8220;off|off|off&#8220; admin_label=&#8220;Text &#8220; _builder_version=&#8220;4.27.5&#8243; _module_preset=&#8220;default&#8220; text_font=&#8220;||||||||&#8220; text_text_color=&#8220;#000000&#8243; text_font_size=&#8220;14px&#8220; text_line_height=&#8220;1.4em&#8220; header_font=&#8220;|800|||||||&#8220; header_font_size=&#8220;35px&#8220; header_3_font=&#8220;|300|||||||&#8220; header_3_text_color=&#8220;#0ebff9&#8243; header_3_font_size=&#8220;21px&#8220; header_3_line_height=&#8220;0.5em&#8220; global_colors_info=&#8220;{}&#8220;]<\/p>\n<p><span style=\"font-size: 12pt;\"><strong>Studio recording of <em>Slunovrat<\/em> with Prague Radio Symphony Orchestra<\/strong><\/span><br \/><span style=\"font-size: 12pt;\">1-2 \/ 6 \/ 2026<\/span><br \/><span style=\"font-size: 12pt;\">Robert Kru\u017e\u00edk<\/span><\/p>\n<p>&nbsp;<\/p>\n<p><span style=\"font-size: 12pt;\"><strong><em>Morphing Amadeus<\/em> at the International Society for Contemporary Music Bucharest<\/strong><\/span><br \/><span style=\"font-size: 12pt;\">30 \/ 5 \/ 2026<\/span><br \/><span style=\"font-size: 12pt;\">National University of Music, Enescu Hall<\/span><br \/><span style=\"font-size: 12pt;\">Profil Sinfonietta, Tiberiu Soare<\/span><\/p>\n<p>&nbsp;<\/p>\n<p><span style=\"font-size: 12pt;\"><strong>World premiere of <em>Splendor solis<\/em> at the final concert of the Jan\u00e1\u010dek Philharmonic Orchestra Ostrava<\/strong><\/span><br \/><span style=\"font-size: 12pt;\">28-29 \/ 5 \/ 2026<\/span><br \/><span style=\"font-size: 12pt;\">Kino Vesm\u00edr, Daniel Raiskin<\/span><\/p>\n<p>&nbsp;<\/p>\n<p><span style=\"font-size: 12pt;\"><strong><em>Lesn\u00ed sc\u00e9ny<\/em> at the congratulatory concert for Arvo P\u00e4rt&#8217;s&nbsp;90th birthday<\/strong><\/span><br \/><span style=\"font-size: 12pt;\">25 \/ 4 \/ 2026<\/span><br \/><span style=\"font-size: 12pt;\">Arvo P\u00e4rt Centre, Laulasmaa, Estonia<\/span><\/p>\n<p>&nbsp;<\/p>\n<p>[\/et_pb_text][et_pb_text admin_label=&#8220;nadpis jen rok 2025&#8243; _builder_version=&#8220;4.27.5&#8243; _module_preset=&#8220;default&#8220; text_font=&#8220;||||||||&#8220; text_text_color=&#8220;#000000&#8243; text_font_size=&#8220;14px&#8220; text_line_height=&#8220;1.1em&#8220; header_font=&#8220;|800|||||||&#8220; header_font_size=&#8220;35px&#8220; header_3_font=&#8220;|300|||||||&#8220; header_3_text_color=&#8220;#000000&#8243; header_3_font_size=&#8220;21px&#8220; header_3_line_height=&#8220;0.5em&#8220; global_colors_info=&#8220;{}&#8220;]<\/p>\n<h3><span style=\"color: #004d6b;\">2025<\/span><\/h3>\n<p>[\/et_pb_text][et_pb_text disabled_on=&#8220;off|off|off&#8220; admin_label=&#8220;Text &#8220; _builder_version=&#8220;4.27.5&#8243; _module_preset=&#8220;default&#8220; text_font=&#8220;||||||||&#8220; text_text_color=&#8220;#000000&#8243; text_font_size=&#8220;14px&#8220; text_line_height=&#8220;1.4em&#8220; header_font=&#8220;|800|||||||&#8220; header_font_size=&#8220;35px&#8220; header_3_font=&#8220;|300|||||||&#8220; header_3_text_color=&#8220;#0ebff9&#8243; header_3_font_size=&#8220;21px&#8220; header_3_line_height=&#8220;0.5em&#8220; global_colors_info=&#8220;{}&#8220;]<\/p>\n<p><span style=\"font-size: 12pt;\"><strong><em>Adventn\u00ed kant\u00e1ta<\/em> at the Advent Concert of the Prague Philharmonic Choir<\/strong><\/span><\/p>\n<p><span style=\"font-size: 12pt;\">13 \/ 12 \/ 2025 \u00bb Rudolfinum, Prague<\/span><br \/><span style=\"font-size: 12pt;\">Pra\u017esk\u00fd filharmonick\u00fd sbor, Prague Philharmonia<\/span><br \/><span style=\"font-size: 12pt;\">Pavel \u010cernoch, Karol\u00edna Levkov\u00e1, Ji\u0159\u00ed Br\u00fcckler<\/span><br \/><span style=\"font-size: 12pt;\">Luk\u00e1\u0161 Vasilek<\/span><\/p>\n<p>&nbsp;<\/p>\n<p><span style=\"font-size: 12pt;\"><strong>World Premiere of Suite Mortale at the Anniversary Concert of the Academy of Chamber Music<\/strong><\/span><\/p>\n<p><span style=\"font-size: 12pt;\">18 \/ 11 \/ 2025 \u00bb Talich\u016fv Beroun<\/span><br \/><span style=\"font-size: 12pt;\">19 \/ 11 \/ 2025 \u00bb Rudolfinum, Prague<\/span><br \/><span style=\"font-size: 12pt;\">Akademie komorn\u00ed hudby, Tom\u00e1\u0161 Jamn\u00edk<\/span><\/p>\n<p>[\/et_pb_text][\/et_pb_column][\/et_pb_row][et_pb_row _builder_version=&#8220;4.27.5&#8243; _module_preset=&#8220;default&#8220; global_colors_info=&#8220;{}&#8220;][et_pb_column type=&#8220;4_4&#8243; _builder_version=&#8220;4.27.5&#8243; _module_preset=&#8220;default&#8220; global_colors_info=&#8220;{}&#8220;][et_pb_text admin_label=&#8220;(nic-jen protahuje str\u00e1nku)&#8220; _builder_version=&#8220;4.27.5&#8243; _module_preset=&#8220;default&#8220; global_colors_info=&#8220;{}&#8220;][\/et_pb_text][\/et_pb_column][\/et_pb_row][\/et_pb_section]<\/p>\n","protected":false},"excerpt":{"rendered":"<p>Events \u00a0 &nbsp; 2026Studio recording of Slunovrat with Prague Radio Symphony Orchestra1-2 \/ 6 \/ 2026Robert Kru\u017e\u00edk &nbsp; Morphing Amadeus at the International Society for Contemporary Music Bucharest30 \/ 5 \/ 2026National University of Music, Enescu HallProfil Sinfonietta, Tiberiu Soare &nbsp; World premiere of Splendor solis at the final concert of the Jan\u00e1\u010dek Philharmonic Orchestra [&hellip;]<\/p>\n","protected":false},"author":1,"featured_media":0,"parent":0,"menu_order":0,"comment_status":"closed","ping_status":"closed","template":"","meta":{"_et_pb_use_builder":"on","_et_pb_old_content":"","_et_gb_content_width":"","inline_featured_image":false,"footnotes":""},"class_list":["post-619","page","type-page","status-publish","hentry"],"_links":{"self":[{"href":"http:\/\/www.test4.webarton.cz\/subdom\/test4\/wp-json\/wp\/v2\/pages\/619","targetHints":{"allow":["GET"]}}],"collection":[{"href":"http:\/\/www.test4.webarton.cz\/subdom\/test4\/wp-json\/wp\/v2\/pages"}],"about":[{"href":"http:\/\/www.test4.webarton.cz\/subdom\/test4\/wp-json\/wp\/v2\/types\/page"}],"author":[{"embeddable":true,"href":"http:\/\/www.test4.webarton.cz\/subdom\/test4\/wp-json\/wp\/v2\/users\/1"}],"replies":[{"embeddable":true,"href":"http:\/\/www.test4.webarton.cz\/subdom\/test4\/wp-json\/wp\/v2\/comments?post=619"}],"version-history":[{"count":10,"href":"http:\/\/www.test4.webarton.cz\/subdom\/test4\/wp-json\/wp\/v2\/pages\/619\/revisions"}],"predecessor-version":[{"id":831,"href":"http:\/\/www.test4.webarton.cz\/subdom\/test4\/wp-json\/wp\/v2\/pages\/619\/revisions\/831"}],"wp:attachment":[{"href":"http:\/\/www.test4.webarton.cz\/subdom\/test4\/wp-json\/wp\/v2\/media?parent=619"}],"curies":[{"name":"wp","href":"https:\/\/api.w.org\/{rel}","templated":true}]}}